{"id":11,"date":"2013-01-03T14:25:05","date_gmt":"2013-01-03T13:25:05","guid":{"rendered":"http:\/\/transpher.net\/site\/?page_id=11"},"modified":"2025-06-11T20:31:38","modified_gmt":"2025-06-11T18:31:38","slug":"boutique-rock-celtique","status":"publish","type":"page","link":"https:\/\/www.transpher.net\/site\/boutique-rock-celtique\/","title":{"rendered":"Boutique"},"content":{"rendered":"<div id=\"store\" style=\"width: 100%; margin: 10px;\">\n<div id=\"linestore\" style=\"width: 100%; float: left;\">\n<h2><span class=\"storetitre\">BLACK SAM<\/span><\/h2>\n<p><img loading=\"lazy\" decoding=\"async\" class=\"imgLeft\" src=\"https:\/\/www.transpher.net\/site\/_commons_images\/pochette_blacksam.png\" alt=\"\" width=\"205\" height=\"205\"><\/p>\n<ol class=\"liststore\">\n<li>Black Sam<\/li>\n<li>In The Night<\/li>\n<li>Breizh Storming<\/li>\n<li>My Best Friends<\/li>\n<li>Le Vent Des Highlands<\/li>\n<li>Les 3 Soeurs<\/li>\n<li>Luna Girl<\/li>\n<li>Les Filles De Saint-Malo<\/li>\n<li>Compagnons De Route<\/li>\n<\/ol>\n<\/div>\n<div id=\"linestore\" style=\"width: 100%; float: left;\">\n<form action=\"https:\/\/www.paypal.com\/cgi-bin\/webscr\" method=\"post\" target=\"_top\"><input name=\"cmd\" type=\"hidden\" value=\"_s-xclick\"><br \/>\n<input name=\"hosted_button_id\" type=\"hidden\" value=\"L3XYLCF6T69Z4\">&nbsp;&nbsp;&nbsp;<\/p>\n<table>\n<tbody>\n<tr>\n<td><input name=\"on0\" type=\"hidden\" value=\"quantit\u00e9\">quantit\u00e9<\/td>\n<\/tr>\n<tr>\n<td><select name=\"os0\"><option value=\"1 CD Black Sam (port inclus)\">1 CD Black Sam (port inclus) \u20ac13,00 EUR<\/option><option value=\"2 CD Black Sam ( port inclus)\">2 CD Black Sam ( port inclus) \u20ac23,00 EUR<\/option><option value=\"1 CD Black Sam+1 CD Libertalia (port inclus)\">1 CD Black Sam+1 CD Libertalia (port inclus) \u20ac23,00 EUR<\/option><option value=\"1 CD Black Sam +1 CD 22H22 ( port inclus)\">1 CD Black Sam +1 CD 22H22 ( port inclus) \u20ac23,00 EUR<\/option><\/select><\/td>\n<\/tr>\n<\/tbody>\n<\/table>\n<p><input name=\"currency_code\" type=\"hidden\" value=\"EUR\"><br \/>\n<input alt=\"PayPal, le r\u00e9flexe s\u00e9curit\u00e9 pour payer en ligne\" name=\"submit\" src=\"https:\/\/www.paypalobjects.com\/fr_FR\/FR\/i\/btn\/btn_buynowCC_LG.gif\" type=\"image\"><br \/>\n<img loading=\"lazy\" decoding=\"async\" src=\"https:\/\/www.paypalobjects.com\/fr_FR\/i\/scr\/pixel.gif\" alt=\"\" width=\"1\" height=\"1\" border=\"0\"><\/p>\n<\/form>\n<p>&nbsp;<\/p>\n<p>&nbsp;<\/p>\n<\/div>\n<hr>\n<p>&nbsp;<\/p>\n<\/div>\n<div id=\"store\" style=\"width: 100%; margin: 10px;\">\n<div id=\"linestore\" style=\"width: 100%; float: left;\">\n<h2><span class=\"storetitre\">LIBERTALIA<\/span><\/h2>\n<p><a name=\"libertalia\"><\/a><br \/>\n<img loading=\"lazy\" decoding=\"async\" class=\"imgLeft\" src=\"https:\/\/www.transpher.net\/site\/_commons_images\/libertalia.jpg\" alt=\"\" width=\"205\" height=\"205\"><\/p>\n<ol class=\"liststore\">\n<li>Ranac&rsquo;h<\/li>\n<li>Le Phare des Barges<\/li>\n<li>Libertalia<\/li>\n<li>Le chant des 1000<\/li>\n<li>Paradis d&rsquo;enfer<\/li>\n<li>Veill\u00e9e d&rsquo;armes<\/li>\n<li>Souquez !<\/li>\n<li>L&rsquo;\u00e2me de fond<\/li>\n<li>Hagamena<\/li>\n<li>La teurgoule<\/li>\n<li>La chaloupe<\/li>\n<li>Ghost<\/li>\n<li>Cooley&rsquo;s reel<\/li>\n<li>Descanso<\/li>\n<li>15 pirates<\/li>\n<\/ol>\n<\/div>\n<div id=\"linestore\" style=\"width: 100%; float: left;\">\n<form action=\"https:\/\/www.paypal.com\/cgi-bin\/webscr\" method=\"post\" target=\"_top\"><input name=\"cmd\" type=\"hidden\" value=\"_s-xclick\"><br \/>\n<input name=\"hosted_button_id\" type=\"hidden\" value=\"AFZSSKPGDCN6U\">&nbsp;&nbsp;&nbsp;<\/p>\n<table>\n<tbody>\n<tr>\n<td><input name=\"on0\" type=\"hidden\" value=\"Quantit\u00e9s\">Quantit\u00e9s<\/td>\n<\/tr>\n<tr>\n<td><select name=\"os0\"><option value=\"1 CD Libertalia (port compris)\">1 CD Libertalia (port compris) \u20ac13,00 EUR<\/option><option value=\"2 CD Libertalia (port compris)\">2 CD Libertalia (port compris) \u20ac23,00 EUR<\/option><option value=\"1 CD Libertalia + 1 CD 22H22 (port inclus)\">1 CD Libertalia + 1 CD 22H22 (port inclus) \u20ac23,00 EUR<\/option><\/select><\/td>\n<\/tr>\n<\/tbody>\n<\/table>\n<p><input name=\"currency_code\" type=\"hidden\" value=\"EUR\"><br \/>\n<input alt=\"PayPal, le r\u00e9flexe s\u00e9curit\u00e9 pour payer en ligne\" name=\"submit\" src=\"https:\/\/www.paypalobjects.com\/fr_FR\/FR\/i\/btn\/btn_buynowCC_LG.gif\" type=\"image\"><br \/>\n<img loading=\"lazy\" decoding=\"async\" src=\"https:\/\/www.paypalobjects.com\/fr_FR\/i\/scr\/pixel.gif\" alt=\"\" width=\"1\" height=\"1\" border=\"0\"><\/p>\n<\/form>\n<p>&nbsp;<\/p>\n<\/div>\n<hr>\n<p>&nbsp;<\/p>\n<\/div>\n<div id=\"store\" style=\"width: 100%; margin: 10px;\">\n<p><a name=\"22H22\"><\/a><\/p>\n<div id=\"linestore\" style=\"width: 100%; float: left;\">\n<h2><span class=\"storetitre\">22h22<\/span><\/h2>\n<p><img loading=\"lazy\" decoding=\"async\" class=\"imgLeft\" src=\"https:\/\/www.transpher.net\/site\/_commons_images\/pochette_22h22.jpg\" alt=\"\" width=\"205\" height=\"205\"><\/p>\n<ol class=\"liststore\">\n<li>WEB CAME<\/li>\n<li>22h22<\/li>\n<li>GOUROU<\/li>\n<li>LORIENT EXPRESS<\/li>\n<li>LE VENT DES HIGHLANDS<\/li>\n<li>LA SAINT-SYLVESTRE<\/li>\n<li>COSMIC TRIP<\/li>\n<li>SAKELINO<\/li>\n<li>JE T\u2019EMMENE<\/li>\n<li>PIGNON<\/li>\n<\/ol>\n<\/div>\n<div id=\"linestore\" style=\"width: 100%; float: left;\">\n<form action=\"https:\/\/www.paypal.com\/cgi-bin\/webscr\" method=\"post\" target=\"_top\"><input name=\"cmd\" type=\"hidden\" value=\"_s-xclick\"><br \/>\n<input name=\"hosted_button_id\" type=\"hidden\" value=\"774R3AXAWCVZE\">&nbsp;&nbsp;&nbsp;<\/p>\n<table>\n<tbody>\n<tr>\n<td><input name=\"on0\" type=\"hidden\" value=\"Quantit\u00e9s\">Quantit\u00e9s<\/td>\n<\/tr>\n<tr>\n<td><select name=\"os0\"><option value=\"1 CD \">1 CD \u00ab\u00a022H22\u00a0\u00bb (port compris) \u20ac13,00 EUR<\/option><option value=\"2 CD \">2 CD \u00ab\u00a022H22\u00a0\u00bb (port compris) \u20ac23,00 EUR<\/option><option value=\"1 CD 22H22 + 1 CD Libertalia (port inclus)\">1 CD 22H22 + 1 CD Libertalia (port inclus) \u20ac23,00 EUR<\/option><\/select><\/td>\n<\/tr>\n<\/tbody>\n<\/table>\n<p><input name=\"currency_code\" type=\"hidden\" value=\"EUR\"><br \/>\n<input alt=\"PayPal, le r\u00e9flexe s\u00e9curit\u00e9 pour payer en ligne\" name=\"submit\" src=\"https:\/\/www.paypalobjects.com\/fr_FR\/FR\/i\/btn\/btn_buynowCC_LG.gif\" type=\"image\"><br \/>\n<img loading=\"lazy\" decoding=\"async\" src=\"https:\/\/www.paypalobjects.com\/fr_FR\/i\/scr\/pixel.gif\" alt=\"\" width=\"1\" height=\"1\" border=\"0\"><\/p>\n<\/form>\n<p>&nbsp;<\/p>\n<\/div>\n<hr>\n<p>&nbsp;<\/p>\n<\/div>\n<div id=\"store\" style=\"width: 100%; margin: 10px;\">\n<p><a name=\"DVD\"><\/a><\/p>\n<div id=\"linestore\" style=\"width: 100%; float: left;\">\n<h2><span class=\"storetitre\">DVD : \u00ab\u00a0Une nuit dans l&rsquo;Espace\u00a0\u00bb,<\/span><\/h2>\n<p><img loading=\"lazy\" decoding=\"async\" class=\"imgLeft\" src=\"https:\/\/www.transpher.net\/site\/_commons_images\/dvd.png\" alt=\"\" width=\"205\" height=\"205\"><\/p>\n<ol class=\"liststore\">\n<li>22H22<\/li>\n<li>Web Came<\/li>\n<li>Belfast<\/li>\n<li>Le frelon<\/li>\n<li>Souquez !<\/li>\n<li>Gare du Nord<\/li>\n<li>Le vent des Highlands<\/li>\n<li>Cosmic Trip<\/li>\n<li>Les filles de St-Malo<\/li>\n<li>J&rsquo;entends le loup&#8230;<\/li>\n<li>Bonus track: La dame en noir<\/li>\n<\/ol>\n<p>&nbsp;<\/p>\n<div class=\"infosast\"><img loading=\"lazy\" decoding=\"async\" class=\"imgLeft\" src=\"https:\/\/www.transpher.net\/site\/_commons_images\/imgepuise.png\" alt=\"\" width=\"445\" height=\"50\"><\/div>\n<\/div>\n<hr>\n<p>&nbsp;<\/p>\n<\/div>\n<div id=\"store\" style=\"width: 100%; margin: 10px;\">\n<h2><span class=\"storetitre\">FRESH CAPSULE<\/span><\/h2>\n<p><img loading=\"lazy\" decoding=\"async\" class=\"imgLeft\" src=\"https:\/\/www.transpher.net\/site\/_commons_images\/pochette_fresh.jpg\" alt=\"\" width=\"205\" height=\"205\"><\/p>\n<ol class=\"liststore\">\n<li>Le frelon<\/li>\n<li>Les filles de St Malo<\/li>\n<li>La dame en noir<\/li>\n<li>Gare du Nord<\/li>\n<li>Les dunes<\/li>\n<li>Belfast<\/li>\n<li>Fresh capsule<\/li>\n<li>L&rsquo;\u00e9lectron libre<\/li>\n<li>Clone fiction<\/li>\n<li>C groove docteur ?<\/li>\n<\/ol>\n<p>&nbsp;<\/p>\n<div class=\"infosast\"><img loading=\"lazy\" decoding=\"async\" class=\"imgLeft\" src=\"https:\/\/www.transpher.net\/site\/_commons_images\/imgepuise.png\" alt=\"\" width=\"445\" height=\"50\"><\/div>\n<\/div>\n","protected":false},"excerpt":{"rendered":"<p>BLACK SAM Black Sam In The Night Breizh Storming My Best Friends Le Vent Des Highlands Les 3 Soeurs Luna Girl Les Filles De Saint-Malo Compagnons De Route &nbsp;&nbsp;&nbsp; quantit\u00e9<\/p>\n<p class=\"more-link\"><a href=\"https:\/\/www.transpher.net\/site\/boutique-rock-celtique\/\" class=\"readmore\">Continuer la lecture<span class=\"screen-reader-text\">Boutique<\/span><\/a><\/p>\n","protected":false},"author":1,"featured_media":0,"parent":0,"menu_order":0,"comment_status":"closed","ping_status":"closed","template":"","meta":{"ngg_post_thumbnail":0,"footnotes":""},"class_list":["post-11","page","type-page","status-publish","hentry"],"yoast_head":"<!-- This site is optimized with the Yoast SEO plugin v27.4 - https:\/\/yoast.com\/product\/yoast-seo-wordpress\/ -->\n<title>Boutique - rock celtique<\/title>\n<meta name=\"description\" content=\"Tous les albums de Transpher, du rock celtique, festif et \u00e9nergique! A retrouver en live! Boutique . Celtic Rock\" \/>\n<meta name=\"robots\" content=\"index, follow, max-snippet:-1, max-image-preview:large, max-video-preview:-1\" \/>\n<link rel=\"canonical\" href=\"https:\/\/www.transpher.net\/site\/boutique-rock-celtique\/\" \/>\n<meta property=\"og:locale\" content=\"fr_FR\" \/>\n<meta property=\"og:type\" content=\"article\" \/>\n<meta property=\"og:title\" content=\"Boutique - rock celtique\" \/>\n<meta property=\"og:description\" content=\"Tous les albums de Transpher, du rock celtique, festif et \u00e9nergique! A retrouver en live! Boutique . Celtic Rock\" \/>\n<meta property=\"og:url\" content=\"https:\/\/www.transpher.net\/site\/boutique-rock-celtique\/\" \/>\n<meta property=\"article:publisher\" content=\"https:\/\/www.facebook.com\/TRANSPHERrockceltique\" \/>\n<meta property=\"article:modified_time\" content=\"2025-06-11T18:31:38+00:00\" \/>\n<meta property=\"og:image\" content=\"https:\/\/www.transpher.net\/site\/_commons_images\/pochette_blacksam.png\" \/>\n<meta name=\"twitter:card\" content=\"summary_large_image\" \/>\n<meta name=\"twitter:label1\" content=\"Dur\u00e9e de lecture estim\u00e9e\" \/>\n\t<meta name=\"twitter:data1\" content=\"3 minutes\" \/>\n<script type=\"application\/ld+json\" class=\"yoast-schema-graph\">{\"@context\":\"https:\\\/\\\/schema.org\",\"@graph\":[{\"@type\":\"WebPage\",\"@id\":\"https:\\\/\\\/www.transpher.net\\\/site\\\/boutique-rock-celtique\\\/\",\"url\":\"https:\\\/\\\/www.transpher.net\\\/site\\\/boutique-rock-celtique\\\/\",\"name\":\"Boutique - rock celtique\",\"isPartOf\":{\"@id\":\"https:\\\/\\\/www.transpher.net\\\/site\\\/#website\"},\"primaryImageOfPage\":{\"@id\":\"https:\\\/\\\/www.transpher.net\\\/site\\\/boutique-rock-celtique\\\/#primaryimage\"},\"image\":{\"@id\":\"https:\\\/\\\/www.transpher.net\\\/site\\\/boutique-rock-celtique\\\/#primaryimage\"},\"thumbnailUrl\":\"https:\\\/\\\/www.transpher.net\\\/site\\\/_commons_images\\\/pochette_blacksam.png\",\"datePublished\":\"2013-01-03T13:25:05+00:00\",\"dateModified\":\"2025-06-11T18:31:38+00:00\",\"description\":\"Tous les albums de Transpher, du rock celtique, festif et \u00e9nergique! A retrouver en live! Boutique . Celtic Rock\",\"breadcrumb\":{\"@id\":\"https:\\\/\\\/www.transpher.net\\\/site\\\/boutique-rock-celtique\\\/#breadcrumb\"},\"inLanguage\":\"fr-FR\",\"potentialAction\":[{\"@type\":\"ReadAction\",\"target\":[\"https:\\\/\\\/www.transpher.net\\\/site\\\/boutique-rock-celtique\\\/\"]}]},{\"@type\":\"ImageObject\",\"inLanguage\":\"fr-FR\",\"@id\":\"https:\\\/\\\/www.transpher.net\\\/site\\\/boutique-rock-celtique\\\/#primaryimage\",\"url\":\"https:\\\/\\\/www.transpher.net\\\/site\\\/_commons_images\\\/pochette_blacksam.png\",\"contentUrl\":\"https:\\\/\\\/www.transpher.net\\\/site\\\/_commons_images\\\/pochette_blacksam.png\"},{\"@type\":\"BreadcrumbList\",\"@id\":\"https:\\\/\\\/www.transpher.net\\\/site\\\/boutique-rock-celtique\\\/#breadcrumb\",\"itemListElement\":[{\"@type\":\"ListItem\",\"position\":1,\"name\":\"Accueil\",\"item\":\"https:\\\/\\\/www.transpher.net\\\/site\\\/\"},{\"@type\":\"ListItem\",\"position\":2,\"name\":\"Boutique\"}]},{\"@type\":\"WebSite\",\"@id\":\"https:\\\/\\\/www.transpher.net\\\/site\\\/#website\",\"url\":\"https:\\\/\\\/www.transpher.net\\\/site\\\/\",\"name\":\"\",\"description\":\"\",\"publisher\":{\"@id\":\"https:\\\/\\\/www.transpher.net\\\/site\\\/#organization\"},\"potentialAction\":[{\"@type\":\"SearchAction\",\"target\":{\"@type\":\"EntryPoint\",\"urlTemplate\":\"https:\\\/\\\/www.transpher.net\\\/site\\\/?s={search_term_string}\"},\"query-input\":{\"@type\":\"PropertyValueSpecification\",\"valueRequired\":true,\"valueName\":\"search_term_string\"}}],\"inLanguage\":\"fr-FR\"},{\"@type\":\"Organization\",\"@id\":\"https:\\\/\\\/www.transpher.net\\\/site\\\/#organization\",\"name\":\"TRANSPHER Rock Celtique\",\"url\":\"https:\\\/\\\/www.transpher.net\\\/site\\\/\",\"logo\":{\"@type\":\"ImageObject\",\"inLanguage\":\"fr-FR\",\"@id\":\"https:\\\/\\\/www.transpher.net\\\/site\\\/#\\\/schema\\\/logo\\\/image\\\/\",\"url\":\"https:\\\/\\\/www.transpher.net\\\/site\\\/wp-content\\\/uploads\\\/2021\\\/04\\\/hd2-scaled.jpg\",\"contentUrl\":\"https:\\\/\\\/www.transpher.net\\\/site\\\/wp-content\\\/uploads\\\/2021\\\/04\\\/hd2-scaled.jpg\",\"width\":2560,\"height\":1529,\"caption\":\"TRANSPHER Rock Celtique\"},\"image\":{\"@id\":\"https:\\\/\\\/www.transpher.net\\\/site\\\/#\\\/schema\\\/logo\\\/image\\\/\"},\"sameAs\":[\"https:\\\/\\\/www.facebook.com\\\/TRANSPHERrockceltique\",\"https:\\\/\\\/www.instagram.com\\\/transphermusic\\\/\"]}]}<\/script>\n<!-- \/ Yoast SEO plugin. -->","yoast_head_json":{"title":"Boutique - rock celtique","description":"Tous les albums de Transpher, du rock celtique, festif et \u00e9nergique! A retrouver en live! Boutique . Celtic Rock","robots":{"index":"index","follow":"follow","max-snippet":"max-snippet:-1","max-image-preview":"max-image-preview:large","max-video-preview":"max-video-preview:-1"},"canonical":"https:\/\/www.transpher.net\/site\/boutique-rock-celtique\/","og_locale":"fr_FR","og_type":"article","og_title":"Boutique - rock celtique","og_description":"Tous les albums de Transpher, du rock celtique, festif et \u00e9nergique! A retrouver en live! Boutique . Celtic Rock","og_url":"https:\/\/www.transpher.net\/site\/boutique-rock-celtique\/","article_publisher":"https:\/\/www.facebook.com\/TRANSPHERrockceltique","article_modified_time":"2025-06-11T18:31:38+00:00","og_image":[{"url":"https:\/\/www.transpher.net\/site\/_commons_images\/pochette_blacksam.png","type":"","width":"","height":""}],"twitter_card":"summary_large_image","twitter_misc":{"Dur\u00e9e de lecture estim\u00e9e":"3 minutes"},"schema":{"@context":"https:\/\/schema.org","@graph":[{"@type":"WebPage","@id":"https:\/\/www.transpher.net\/site\/boutique-rock-celtique\/","url":"https:\/\/www.transpher.net\/site\/boutique-rock-celtique\/","name":"Boutique - rock celtique","isPartOf":{"@id":"https:\/\/www.transpher.net\/site\/#website"},"primaryImageOfPage":{"@id":"https:\/\/www.transpher.net\/site\/boutique-rock-celtique\/#primaryimage"},"image":{"@id":"https:\/\/www.transpher.net\/site\/boutique-rock-celtique\/#primaryimage"},"thumbnailUrl":"https:\/\/www.transpher.net\/site\/_commons_images\/pochette_blacksam.png","datePublished":"2013-01-03T13:25:05+00:00","dateModified":"2025-06-11T18:31:38+00:00","description":"Tous les albums de Transpher, du rock celtique, festif et \u00e9nergique! A retrouver en live! Boutique . Celtic Rock","breadcrumb":{"@id":"https:\/\/www.transpher.net\/site\/boutique-rock-celtique\/#breadcrumb"},"inLanguage":"fr-FR","potentialAction":[{"@type":"ReadAction","target":["https:\/\/www.transpher.net\/site\/boutique-rock-celtique\/"]}]},{"@type":"ImageObject","inLanguage":"fr-FR","@id":"https:\/\/www.transpher.net\/site\/boutique-rock-celtique\/#primaryimage","url":"https:\/\/www.transpher.net\/site\/_commons_images\/pochette_blacksam.png","contentUrl":"https:\/\/www.transpher.net\/site\/_commons_images\/pochette_blacksam.png"},{"@type":"BreadcrumbList","@id":"https:\/\/www.transpher.net\/site\/boutique-rock-celtique\/#breadcrumb","itemListElement":[{"@type":"ListItem","position":1,"name":"Accueil","item":"https:\/\/www.transpher.net\/site\/"},{"@type":"ListItem","position":2,"name":"Boutique"}]},{"@type":"WebSite","@id":"https:\/\/www.transpher.net\/site\/#website","url":"https:\/\/www.transpher.net\/site\/","name":"","description":"","publisher":{"@id":"https:\/\/www.transpher.net\/site\/#organization"},"potentialAction":[{"@type":"SearchAction","target":{"@type":"EntryPoint","urlTemplate":"https:\/\/www.transpher.net\/site\/?s={search_term_string}"},"query-input":{"@type":"PropertyValueSpecification","valueRequired":true,"valueName":"search_term_string"}}],"inLanguage":"fr-FR"},{"@type":"Organization","@id":"https:\/\/www.transpher.net\/site\/#organization","name":"TRANSPHER Rock Celtique","url":"https:\/\/www.transpher.net\/site\/","logo":{"@type":"ImageObject","inLanguage":"fr-FR","@id":"https:\/\/www.transpher.net\/site\/#\/schema\/logo\/image\/","url":"https:\/\/www.transpher.net\/site\/wp-content\/uploads\/2021\/04\/hd2-scaled.jpg","contentUrl":"https:\/\/www.transpher.net\/site\/wp-content\/uploads\/2021\/04\/hd2-scaled.jpg","width":2560,"height":1529,"caption":"TRANSPHER Rock Celtique"},"image":{"@id":"https:\/\/www.transpher.net\/site\/#\/schema\/logo\/image\/"},"sameAs":["https:\/\/www.facebook.com\/TRANSPHERrockceltique","https:\/\/www.instagram.com\/transphermusic\/"]}]}},"_links":{"self":[{"href":"https:\/\/www.transpher.net\/site\/wp-json\/wp\/v2\/pages\/11","targetHints":{"allow":["GET"]}}],"collection":[{"href":"https:\/\/www.transpher.net\/site\/wp-json\/wp\/v2\/pages"}],"about":[{"href":"https:\/\/www.transpher.net\/site\/wp-json\/wp\/v2\/types\/page"}],"author":[{"embeddable":true,"href":"https:\/\/www.transpher.net\/site\/wp-json\/wp\/v2\/users\/1"}],"replies":[{"embeddable":true,"href":"https:\/\/www.transpher.net\/site\/wp-json\/wp\/v2\/comments?post=11"}],"version-history":[{"count":0,"href":"https:\/\/www.transpher.net\/site\/wp-json\/wp\/v2\/pages\/11\/revisions"}],"wp:attachment":[{"href":"https:\/\/www.transpher.net\/site\/wp-json\/wp\/v2\/media?parent=11"}],"curies":[{"name":"wp","href":"https:\/\/api.w.org\/{rel}","templated":true}]}}