{"id":13,"date":"2013-01-03T14:25:17","date_gmt":"2013-01-03T13:25:17","guid":{"rendered":"http:\/\/transpher.net\/site\/?page_id=13"},"modified":"2024-11-07T17:42:43","modified_gmt":"2024-11-07T16:42:43","slug":"pro-rock-celtique","status":"publish","type":"page","link":"https:\/\/www.transpher.net\/site\/pro-rock-celtique\/","title":{"rendered":"Pro"},"content":{"rendered":"<div id=\"store\" style=\"width: 100%; margin: 10px;\">\n<h3>Pour programmer le groupe 2 solutions possibles:<\/h3>\n<ul>\n<li>Le concert seul, avec le son et lumi\u00e8res \u00e0 la charge de l&rsquo;organisateur.<\/li>\n<li>Un concert \u00ab\u00a0cl\u00e9s en main\u00a0\u00bb avec la prestation live mais aussi la sonorisation et les lumi\u00e8res que nous assurons avec notre partenaire. Cette option est plut\u00f4t envisageable dans une r\u00e9gion proche du sud Seine-et-Marne mais peut \u00e9ventuellement s&rsquo;exporter avec des frais de d\u00e9placement adapt\u00e9s.<\/li>\n<\/ul>\n<h3><span class=\"storetitre\">Nous contacter : <\/span><\/h3>\n<p>Soit par mail :&nbsp;<a href=\"mailto:transpher@free.fr\">transpher@free.fr<\/a> ou t\u00e9l <strong>06 62 61 15 41<\/strong><\/p>\n<hr>\n<h3><span class=\"storetitre\">Fiche technique<\/span><\/h3>\n<p>La fiche technique \/ plan de sc\u00e8ne, est disponible en t\u00e9l\u00e9chargement, <a href=\"https:\/\/www.transpher.net\/site\/wp-content\/uploads\/2023\/05\/Transpher_Fiche_technique.pdf\" target=\"_blank\" rel=\"noopener noreferrer\">en cliquant ici<\/a>.<\/p>\n<hr>\n<h3><span class=\"storetitre\">Visuels<\/span><\/h3>\n<p>Visuels au choix \u00e0 utiliser pour les articles de presse ou les affiches:<\/p>\n<ul>\n<li><a href=\"https:\/\/www.transpher.net\/site\/wp-content\/uploads\/2023\/09\/photo-site-1.png\">Visuel 1<\/a><\/li>\n<li><a href=\"https:\/\/www.transpher.net\/site\/wp-content\/uploads\/2023\/09\/photo-site-2.png\">Visuel 2<\/a><\/li>\n<li><a href=\"https:\/\/www.transpher.net\/site\/wp-content\/uploads\/2023\/09\/photo-site-3.png\">Visuel 3<\/a><\/li>\n<li><a href=\"https:\/\/www.transpher.net\/site\/wp-content\/uploads\/2023\/09\/photo-site-4.png\">Visuel 4<\/a><\/li>\n<li><a href=\"https:\/\/www.transpher.net\/site\/wp-content\/uploads\/2023\/09\/photo-site-5.png\">Visuel 5<\/a><\/li>\n<\/ul>\n<div data-carousel-extra='{\"blog_id\":1,\"permalink\":\"https:\\\/\\\/www.transpher.net\\\/site\\\/pro-rock-celtique\\\/\"}' class=\"tiled-gallery type-square\" data-original-width=\"920\"><div class=\"tiled-gallery-item calling-this\"><a border=\"0\" href=\"https:\/\/www.transpher.net\/site\/pro-rock-celtique\/photo-site-1\/\"><img decoding=\"async\" data-attachment-id=\"3901\" data-orig-file=\"https:\/\/www.transpher.net\/site\/wp-content\/uploads\/2023\/09\/photo-site-1.png\" data-orig-size=\"1053,702\" data-comments-opened=\"0\" data-image-meta=\"{&quot;aperture&quot;:&quot;0&quot;,&quot;credit&quot;:&quot;&quot;,&quot;camera&quot;:&quot;&quot;,&quot;caption&quot;:&quot;&quot;,&quot;created_timestamp&quot;:&quot;0&quot;,&quot;copyright&quot;:&quot;&quot;,&quot;focal_length&quot;:&quot;0&quot;,&quot;iso&quot;:&quot;0&quot;,&quot;shutter_speed&quot;:&quot;0&quot;,&quot;title&quot;:&quot;&quot;,&quot;orientation&quot;:&quot;0&quot;}\" data-image-title=\"photo site 1\" data-image-description=\"\" data-medium-file=\"https:\/\/www.transpher.net\/site\/wp-content\/uploads\/2023\/09\/photo-site-1-450x300.png\" data-large-file=\"https:\/\/www.transpher.net\/site\/wp-content\/uploads\/2023\/09\/photo-site-1-1024x683.png\" style=\"margin: 2px\" src=\"https:\/\/www.transpher.net\/site\/wp-content\/uploads\/2023\/09\/photo-site-1-702x702.png\" width=455 height=455 title=\"photo site 1\" \/><\/a><div class=\"tiled-gallery-caption\">Visuel 1<\/div><\/div><div class=\"tiled-gallery-item calling-this\"><a border=\"0\" href=\"https:\/\/www.transpher.net\/site\/pro-rock-celtique\/photo-site-2\/\"><img decoding=\"async\" data-attachment-id=\"3902\" data-orig-file=\"https:\/\/www.transpher.net\/site\/wp-content\/uploads\/2023\/09\/photo-site-2.png\" data-orig-size=\"1021,766\" data-comments-opened=\"0\" data-image-meta=\"{&quot;aperture&quot;:&quot;0&quot;,&quot;credit&quot;:&quot;&quot;,&quot;camera&quot;:&quot;&quot;,&quot;caption&quot;:&quot;&quot;,&quot;created_timestamp&quot;:&quot;0&quot;,&quot;copyright&quot;:&quot;&quot;,&quot;focal_length&quot;:&quot;0&quot;,&quot;iso&quot;:&quot;0&quot;,&quot;shutter_speed&quot;:&quot;0&quot;,&quot;title&quot;:&quot;&quot;,&quot;orientation&quot;:&quot;0&quot;}\" data-image-title=\"photo site 2\" data-image-description=\"\" data-medium-file=\"https:\/\/www.transpher.net\/site\/wp-content\/uploads\/2023\/09\/photo-site-2-400x300.png\" data-large-file=\"https:\/\/www.transpher.net\/site\/wp-content\/uploads\/2023\/09\/photo-site-2.png\" style=\"margin: 2px\" src=\"https:\/\/www.transpher.net\/site\/wp-content\/uploads\/2023\/09\/photo-site-2-766x766.png\" width=455 height=455 title=\"photo site 2\" \/><\/a><div class=\"tiled-gallery-caption\">Visuel 2<\/div><\/div><div class=\"tiled-gallery-item calling-this\"><a border=\"0\" href=\"https:\/\/www.transpher.net\/site\/pro-rock-celtique\/photo-site-3\/\"><img decoding=\"async\" data-attachment-id=\"3903\" data-orig-file=\"https:\/\/www.transpher.net\/site\/wp-content\/uploads\/2023\/09\/photo-site-3.png\" data-orig-size=\"1036,689\" data-comments-opened=\"0\" data-image-meta=\"{&quot;aperture&quot;:&quot;0&quot;,&quot;credit&quot;:&quot;&quot;,&quot;camera&quot;:&quot;&quot;,&quot;caption&quot;:&quot;&quot;,&quot;created_timestamp&quot;:&quot;0&quot;,&quot;copyright&quot;:&quot;&quot;,&quot;focal_length&quot;:&quot;0&quot;,&quot;iso&quot;:&quot;0&quot;,&quot;shutter_speed&quot;:&quot;0&quot;,&quot;title&quot;:&quot;&quot;,&quot;orientation&quot;:&quot;0&quot;}\" data-image-title=\"photo site 3\" data-image-description=\"\" data-medium-file=\"https:\/\/www.transpher.net\/site\/wp-content\/uploads\/2023\/09\/photo-site-3-450x300.png\" data-large-file=\"https:\/\/www.transpher.net\/site\/wp-content\/uploads\/2023\/09\/photo-site-3-1024x681.png\" style=\"margin: 2px\" src=\"https:\/\/www.transpher.net\/site\/wp-content\/uploads\/2023\/09\/photo-site-3-689x689.png\" width=302 height=302 title=\"photo site 3\" \/><\/a><div class=\"tiled-gallery-caption\">Visuel 3<\/div><\/div><div class=\"tiled-gallery-item calling-this\"><a border=\"0\" href=\"https:\/\/www.transpher.net\/site\/pro-rock-celtique\/photo-site-4\/\"><img decoding=\"async\" data-attachment-id=\"3904\" data-orig-file=\"https:\/\/www.transpher.net\/site\/wp-content\/uploads\/2023\/09\/photo-site-4.png\" data-orig-size=\"793,633\" data-comments-opened=\"0\" data-image-meta=\"{&quot;aperture&quot;:&quot;0&quot;,&quot;credit&quot;:&quot;&quot;,&quot;camera&quot;:&quot;&quot;,&quot;caption&quot;:&quot;&quot;,&quot;created_timestamp&quot;:&quot;0&quot;,&quot;copyright&quot;:&quot;&quot;,&quot;focal_length&quot;:&quot;0&quot;,&quot;iso&quot;:&quot;0&quot;,&quot;shutter_speed&quot;:&quot;0&quot;,&quot;title&quot;:&quot;&quot;,&quot;orientation&quot;:&quot;0&quot;}\" data-image-title=\"photo site 4\" data-image-description=\"\" data-medium-file=\"https:\/\/www.transpher.net\/site\/wp-content\/uploads\/2023\/09\/photo-site-4-376x300.png\" data-large-file=\"https:\/\/www.transpher.net\/site\/wp-content\/uploads\/2023\/09\/photo-site-4.png\" style=\"margin: 2px\" src=\"https:\/\/www.transpher.net\/site\/wp-content\/uploads\/2023\/09\/photo-site-4-633x633.png\" width=302 height=302 title=\"photo site 4\" \/><\/a><div class=\"tiled-gallery-caption\">Visuel 4<\/div><\/div><div class=\"tiled-gallery-item calling-this\"><a border=\"0\" href=\"https:\/\/www.transpher.net\/site\/pro-rock-celtique\/photo-site-5\/\"><img decoding=\"async\" data-attachment-id=\"3905\" data-orig-file=\"https:\/\/www.transpher.net\/site\/wp-content\/uploads\/2023\/09\/photo-site-5.png\" data-orig-size=\"1137,636\" data-comments-opened=\"0\" data-image-meta=\"{&quot;aperture&quot;:&quot;0&quot;,&quot;credit&quot;:&quot;&quot;,&quot;camera&quot;:&quot;&quot;,&quot;caption&quot;:&quot;&quot;,&quot;created_timestamp&quot;:&quot;0&quot;,&quot;copyright&quot;:&quot;&quot;,&quot;focal_length&quot;:&quot;0&quot;,&quot;iso&quot;:&quot;0&quot;,&quot;shutter_speed&quot;:&quot;0&quot;,&quot;title&quot;:&quot;&quot;,&quot;orientation&quot;:&quot;0&quot;}\" data-image-title=\"photo site 5\" data-image-description=\"\" data-medium-file=\"https:\/\/www.transpher.net\/site\/wp-content\/uploads\/2023\/09\/photo-site-5-450x252.png\" data-large-file=\"https:\/\/www.transpher.net\/site\/wp-content\/uploads\/2023\/09\/photo-site-5-1024x573.png\" style=\"margin: 2px\" src=\"https:\/\/www.transpher.net\/site\/wp-content\/uploads\/2023\/09\/photo-site-5-636x636.png\" width=302 height=302 title=\"photo site 5\" \/><\/a><div class=\"tiled-gallery-caption\">Visuel 5<\/div><\/div><\/div>\n<hr>\n<h3><span class=\"storetitre\">Dossier de presse<\/span><\/h3>\n<p>Le dossier de presse de TRANSPHER, est disponible en t\u00e9l\u00e9chargement, <a href=\"http:\/\/www.transpher.net\/site\/_pro\/_extras\/DP_TRANSPHER.pdf\" target=\"_blank\" rel=\"noopener noreferrer\">en cliquant ici<\/a>.<\/p>\n<hr>\n<\/div>\n","protected":false},"excerpt":{"rendered":"<p>Pour programmer le groupe 2 solutions possibles: Le concert seul, avec le son et lumi\u00e8res \u00e0 la charge de l&rsquo;organisateur. Un concert \u00ab\u00a0cl\u00e9s en main\u00a0\u00bb avec la prestation live mais<\/p>\n<p class=\"more-link\"><a href=\"https:\/\/www.transpher.net\/site\/pro-rock-celtique\/\" class=\"readmore\">Continuer la lecture<span class=\"screen-reader-text\">Pro<\/span><\/a><\/p>\n","protected":false},"author":1,"featured_media":0,"parent":0,"menu_order":0,"comment_status":"closed","ping_status":"closed","template":"","meta":{"ngg_post_thumbnail":0,"footnotes":""},"class_list":["post-13","page","type-page","status-publish","hentry"],"yoast_head":"<!-- This site is optimized with the Yoast SEO plugin v27.6 - https:\/\/yoast.com\/product\/yoast-seo-wordpress\/ -->\n<title>Pro - rock celtique<\/title>\n<meta name=\"description\" content=\"Tous les concerts de Transpher, du rock celtique, festif et \u00e9nergique! A retrouver en live dans des festivals ! Celtic Rock\" \/>\n<meta name=\"robots\" content=\"index, follow, max-snippet:-1, max-image-preview:large, max-video-preview:-1\" \/>\n<link rel=\"canonical\" href=\"https:\/\/www.transpher.net\/site\/pro-rock-celtique\/\" \/>\n<meta property=\"og:locale\" content=\"fr_FR\" \/>\n<meta property=\"og:type\" content=\"article\" \/>\n<meta property=\"og:title\" content=\"Pro - rock celtique\" \/>\n<meta property=\"og:description\" content=\"Tous les concerts de Transpher, du rock celtique, festif et \u00e9nergique! A retrouver en live dans des festivals ! Celtic Rock\" \/>\n<meta property=\"og:url\" content=\"https:\/\/www.transpher.net\/site\/pro-rock-celtique\/\" \/>\n<meta property=\"article:publisher\" content=\"https:\/\/www.facebook.com\/TRANSPHERrockceltique\" \/>\n<meta property=\"article:modified_time\" content=\"2024-11-07T16:42:43+00:00\" \/>\n<meta property=\"og:image\" content=\"https:\/\/www.transpher.net\/site\/wp-content\/uploads\/2023\/09\/photo-site-1-702x702.png\" \/>\n<meta name=\"twitter:card\" content=\"summary_large_image\" \/>\n<meta name=\"twitter:label1\" content=\"Dur\u00e9e de lecture estim\u00e9e\" \/>\n\t<meta name=\"twitter:data1\" content=\"1 minute\" \/>\n<script type=\"application\/ld+json\" class=\"yoast-schema-graph\">{\"@context\":\"https:\\\/\\\/schema.org\",\"@graph\":[{\"@type\":\"WebPage\",\"@id\":\"https:\\\/\\\/www.transpher.net\\\/site\\\/pro-rock-celtique\\\/\",\"url\":\"https:\\\/\\\/www.transpher.net\\\/site\\\/pro-rock-celtique\\\/\",\"name\":\"Pro - rock celtique\",\"isPartOf\":{\"@id\":\"https:\\\/\\\/www.transpher.net\\\/site\\\/#website\"},\"datePublished\":\"2013-01-03T13:25:17+00:00\",\"dateModified\":\"2024-11-07T16:42:43+00:00\",\"description\":\"Tous les concerts de Transpher, du rock celtique, festif et \u00e9nergique! A retrouver en live dans des festivals ! Celtic Rock\",\"breadcrumb\":{\"@id\":\"https:\\\/\\\/www.transpher.net\\\/site\\\/pro-rock-celtique\\\/#breadcrumb\"},\"inLanguage\":\"fr-FR\",\"potentialAction\":[{\"@type\":\"ReadAction\",\"target\":[\"https:\\\/\\\/www.transpher.net\\\/site\\\/pro-rock-celtique\\\/\"]}]},{\"@type\":\"BreadcrumbList\",\"@id\":\"https:\\\/\\\/www.transpher.net\\\/site\\\/pro-rock-celtique\\\/#breadcrumb\",\"itemListElement\":[{\"@type\":\"ListItem\",\"position\":1,\"name\":\"Accueil\",\"item\":\"https:\\\/\\\/www.transpher.net\\\/site\\\/\"},{\"@type\":\"ListItem\",\"position\":2,\"name\":\"Pro\"}]},{\"@type\":\"WebSite\",\"@id\":\"https:\\\/\\\/www.transpher.net\\\/site\\\/#website\",\"url\":\"https:\\\/\\\/www.transpher.net\\\/site\\\/\",\"name\":\"\",\"description\":\"\",\"publisher\":{\"@id\":\"https:\\\/\\\/www.transpher.net\\\/site\\\/#organization\"},\"potentialAction\":[{\"@type\":\"SearchAction\",\"target\":{\"@type\":\"EntryPoint\",\"urlTemplate\":\"https:\\\/\\\/www.transpher.net\\\/site\\\/?s={search_term_string}\"},\"query-input\":{\"@type\":\"PropertyValueSpecification\",\"valueRequired\":true,\"valueName\":\"search_term_string\"}}],\"inLanguage\":\"fr-FR\"},{\"@type\":\"Organization\",\"@id\":\"https:\\\/\\\/www.transpher.net\\\/site\\\/#organization\",\"name\":\"TRANSPHER Rock Celtique\",\"url\":\"https:\\\/\\\/www.transpher.net\\\/site\\\/\",\"logo\":{\"@type\":\"ImageObject\",\"inLanguage\":\"fr-FR\",\"@id\":\"https:\\\/\\\/www.transpher.net\\\/site\\\/#\\\/schema\\\/logo\\\/image\\\/\",\"url\":\"https:\\\/\\\/www.transpher.net\\\/site\\\/wp-content\\\/uploads\\\/2021\\\/04\\\/hd2-scaled.jpg\",\"contentUrl\":\"https:\\\/\\\/www.transpher.net\\\/site\\\/wp-content\\\/uploads\\\/2021\\\/04\\\/hd2-scaled.jpg\",\"width\":2560,\"height\":1529,\"caption\":\"TRANSPHER Rock Celtique\"},\"image\":{\"@id\":\"https:\\\/\\\/www.transpher.net\\\/site\\\/#\\\/schema\\\/logo\\\/image\\\/\"},\"sameAs\":[\"https:\\\/\\\/www.facebook.com\\\/TRANSPHERrockceltique\",\"https:\\\/\\\/www.instagram.com\\\/transphermusic\\\/\"]}]}<\/script>\n<!-- \/ Yoast SEO plugin. -->","yoast_head_json":{"title":"Pro - rock celtique","description":"Tous les concerts de Transpher, du rock celtique, festif et \u00e9nergique! A retrouver en live dans des festivals ! Celtic Rock","robots":{"index":"index","follow":"follow","max-snippet":"max-snippet:-1","max-image-preview":"max-image-preview:large","max-video-preview":"max-video-preview:-1"},"canonical":"https:\/\/www.transpher.net\/site\/pro-rock-celtique\/","og_locale":"fr_FR","og_type":"article","og_title":"Pro - rock celtique","og_description":"Tous les concerts de Transpher, du rock celtique, festif et \u00e9nergique! A retrouver en live dans des festivals ! Celtic Rock","og_url":"https:\/\/www.transpher.net\/site\/pro-rock-celtique\/","article_publisher":"https:\/\/www.facebook.com\/TRANSPHERrockceltique","article_modified_time":"2024-11-07T16:42:43+00:00","og_image":[{"url":"https:\/\/www.transpher.net\/site\/wp-content\/uploads\/2023\/09\/photo-site-1-702x702.png","type":"","width":"","height":""}],"twitter_card":"summary_large_image","twitter_misc":{"Dur\u00e9e de lecture estim\u00e9e":"1 minute"},"schema":{"@context":"https:\/\/schema.org","@graph":[{"@type":"WebPage","@id":"https:\/\/www.transpher.net\/site\/pro-rock-celtique\/","url":"https:\/\/www.transpher.net\/site\/pro-rock-celtique\/","name":"Pro - rock celtique","isPartOf":{"@id":"https:\/\/www.transpher.net\/site\/#website"},"datePublished":"2013-01-03T13:25:17+00:00","dateModified":"2024-11-07T16:42:43+00:00","description":"Tous les concerts de Transpher, du rock celtique, festif et \u00e9nergique! A retrouver en live dans des festivals ! Celtic Rock","breadcrumb":{"@id":"https:\/\/www.transpher.net\/site\/pro-rock-celtique\/#breadcrumb"},"inLanguage":"fr-FR","potentialAction":[{"@type":"ReadAction","target":["https:\/\/www.transpher.net\/site\/pro-rock-celtique\/"]}]},{"@type":"BreadcrumbList","@id":"https:\/\/www.transpher.net\/site\/pro-rock-celtique\/#breadcrumb","itemListElement":[{"@type":"ListItem","position":1,"name":"Accueil","item":"https:\/\/www.transpher.net\/site\/"},{"@type":"ListItem","position":2,"name":"Pro"}]},{"@type":"WebSite","@id":"https:\/\/www.transpher.net\/site\/#website","url":"https:\/\/www.transpher.net\/site\/","name":"","description":"","publisher":{"@id":"https:\/\/www.transpher.net\/site\/#organization"},"potentialAction":[{"@type":"SearchAction","target":{"@type":"EntryPoint","urlTemplate":"https:\/\/www.transpher.net\/site\/?s={search_term_string}"},"query-input":{"@type":"PropertyValueSpecification","valueRequired":true,"valueName":"search_term_string"}}],"inLanguage":"fr-FR"},{"@type":"Organization","@id":"https:\/\/www.transpher.net\/site\/#organization","name":"TRANSPHER Rock Celtique","url":"https:\/\/www.transpher.net\/site\/","logo":{"@type":"ImageObject","inLanguage":"fr-FR","@id":"https:\/\/www.transpher.net\/site\/#\/schema\/logo\/image\/","url":"https:\/\/www.transpher.net\/site\/wp-content\/uploads\/2021\/04\/hd2-scaled.jpg","contentUrl":"https:\/\/www.transpher.net\/site\/wp-content\/uploads\/2021\/04\/hd2-scaled.jpg","width":2560,"height":1529,"caption":"TRANSPHER Rock Celtique"},"image":{"@id":"https:\/\/www.transpher.net\/site\/#\/schema\/logo\/image\/"},"sameAs":["https:\/\/www.facebook.com\/TRANSPHERrockceltique","https:\/\/www.instagram.com\/transphermusic\/"]}]}},"_links":{"self":[{"href":"https:\/\/www.transpher.net\/site\/wp-json\/wp\/v2\/pages\/13","targetHints":{"allow":["GET"]}}],"collection":[{"href":"https:\/\/www.transpher.net\/site\/wp-json\/wp\/v2\/pages"}],"about":[{"href":"https:\/\/www.transpher.net\/site\/wp-json\/wp\/v2\/types\/page"}],"author":[{"embeddable":true,"href":"https:\/\/www.transpher.net\/site\/wp-json\/wp\/v2\/users\/1"}],"replies":[{"embeddable":true,"href":"https:\/\/www.transpher.net\/site\/wp-json\/wp\/v2\/comments?post=13"}],"version-history":[{"count":0,"href":"https:\/\/www.transpher.net\/site\/wp-json\/wp\/v2\/pages\/13\/revisions"}],"wp:attachment":[{"href":"https:\/\/www.transpher.net\/site\/wp-json\/wp\/v2\/media?parent=13"}],"curies":[{"name":"wp","href":"https:\/\/api.w.org\/{rel}","templated":true}]}}