{"id":2894,"date":"2022-01-11T00:05:41","date_gmt":"2022-01-10T23:05:41","guid":{"rendered":"http:\/\/www.transpher.net\/site\/jeremy-broyard-2\/"},"modified":"2025-08-19T22:00:50","modified_gmt":"2025-08-19T20:00:50","slug":"jeremy-broyard-rock-celtique","status":"publish","type":"page","link":"https:\/\/www.transpher.net\/site\/medias-rock-celtique\/jeremy-broyard-rock-celtique\/","title":{"rendered":"J\u00e9r\u00e9my"},"content":{"rendered":"<div data-carousel-extra='{\"blog_id\":1,\"permalink\":\"https:\\\/\\\/www.transpher.net\\\/site\\\/medias-rock-celtique\\\/jeremy-broyard-rock-celtique\\\/\"}' class=\"tiled-gallery type-rectangular\" data-original-width=\"920\"><div class=\"gallery-row\" style=\"width: 915px; height: 419px;\"><div class=\"gallery-group images-1\" style=\"width: 632px; height: 423px;\"><div class=\"tiled-gallery-item tiled-gallery-item-full\"><a href=\"https:\/\/www.transpher.net\/site\/le-feu-a-lescale\/transpher-melun-19_03_22-ab025\/\"><img loading=\"lazy\" decoding=\"async\" data-attachment-id=\"2962\" data-orig-file=\"https:\/\/www.transpher.net\/site\/wp-content\/uploads\/2022\/03\/transpher-melun-19_03_22-ab025-scaled.jpg\" data-orig-size=\"2560,1707\" data-comments-opened=\"0\" data-image-meta=\"{&quot;aperture&quot;:&quot;0&quot;,&quot;credit&quot;:&quot;&quot;,&quot;camera&quot;:&quot;&quot;,&quot;caption&quot;:&quot;&quot;,&quot;created_timestamp&quot;:&quot;0&quot;,&quot;copyright&quot;:&quot;&quot;,&quot;focal_length&quot;:&quot;0&quot;,&quot;iso&quot;:&quot;0&quot;,&quot;shutter_speed&quot;:&quot;0&quot;,&quot;title&quot;:&quot;&quot;,&quot;orientation&quot;:&quot;1&quot;}\" data-image-title=\"transpher-melun-19_03_22-ab025\" data-image-description=\"\" data-medium-file=\"https:\/\/www.transpher.net\/site\/wp-content\/uploads\/2022\/03\/transpher-melun-19_03_22-ab025-300x200.jpg\" data-large-file=\"https:\/\/www.transpher.net\/site\/wp-content\/uploads\/2022\/03\/transpher-melun-19_03_22-ab025-600x400.jpg\" src=\"https:\/\/www.transpher.net\/site\/wp-content\/uploads\/2022\/03\/transpher-melun-19_03_22-ab025-scaled.jpg\" width=\"628\" height=\"419\" align=\"left\" title=\"transpher-melun-19_03_22-ab025\" \/><\/a><\/div><\/div><div class=\"gallery-group images-1\" style=\"width: 283px; height: 423px;\"><div class=\"tiled-gallery-item tiled-gallery-item-full\"><a href=\"https:\/\/www.transpher.net\/site\/le-feu-a-lescale\/transpher-melun-19_03_22-ab032\/\"><img loading=\"lazy\" decoding=\"async\" data-attachment-id=\"2971\" data-orig-file=\"https:\/\/www.transpher.net\/site\/wp-content\/uploads\/2022\/03\/transpher-melun-19_03_22-ab032-scaled.jpg\" data-orig-size=\"1707,2560\" data-comments-opened=\"0\" data-image-meta=\"{&quot;aperture&quot;:&quot;2.8&quot;,&quot;credit&quot;:&quot;&quot;,&quot;camera&quot;:&quot;Canon EOS 5D Mark III&quot;,&quot;caption&quot;:&quot;&quot;,&quot;created_timestamp&quot;:&quot;1647727022&quot;,&quot;copyright&quot;:&quot;&quot;,&quot;focal_length&quot;:&quot;154&quot;,&quot;iso&quot;:&quot;3200&quot;,&quot;shutter_speed&quot;:&quot;0.008&quot;,&quot;title&quot;:&quot;&quot;,&quot;orientation&quot;:&quot;1&quot;}\" data-image-title=\"transpher-melun-19_03_22-ab032\" data-image-description=\"\" data-medium-file=\"https:\/\/www.transpher.net\/site\/wp-content\/uploads\/2022\/03\/transpher-melun-19_03_22-ab032-300x450.jpg\" data-large-file=\"https:\/\/www.transpher.net\/site\/wp-content\/uploads\/2022\/03\/transpher-melun-19_03_22-ab032-600x900.jpg\" src=\"https:\/\/www.transpher.net\/site\/wp-content\/uploads\/2022\/03\/transpher-melun-19_03_22-ab032-scaled.jpg\" width=\"279\" height=\"419\" align=\"left\" title=\"transpher-melun-19_03_22-ab032\" \/><\/a><\/div><\/div><\/div><div class=\"gallery-row\" style=\"width: 915px; height: 426px;\"><div class=\"gallery-group images-1\" style=\"width: 288px; height: 430px;\"><div class=\"tiled-gallery-item tiled-gallery-item-full\"><a href=\"https:\/\/www.transpher.net\/site\/un-son-plus-electrique-pour-2022\/242845741_260271089438650_3133811135562094487_n-1\/\"><img loading=\"lazy\" decoding=\"async\" data-attachment-id=\"2775\" data-orig-file=\"https:\/\/www.transpher.net\/site\/wp-content\/uploads\/2021\/10\/242845741_260271089438650_3133811135562094487_n-1.jpg\" data-orig-size=\"1365,2048\" data-comments-opened=\"0\" data-image-meta=\"{&quot;aperture&quot;:&quot;0&quot;,&quot;credit&quot;:&quot;Fabien&quot;,&quot;camera&quot;:&quot;&quot;,&quot;caption&quot;:&quot;&quot;,&quot;created_timestamp&quot;:&quot;0&quot;,&quot;copyright&quot;:&quot;ZIC_EN_BOITE&quot;,&quot;focal_length&quot;:&quot;0&quot;,&quot;iso&quot;:&quot;0&quot;,&quot;shutter_speed&quot;:&quot;0&quot;,&quot;title&quot;:&quot;&quot;,&quot;orientation&quot;:&quot;0&quot;}\" data-image-title=\"242845741_260271089438650_3133811135562094487_n-1\" data-image-description=\"\" data-medium-file=\"https:\/\/www.transpher.net\/site\/wp-content\/uploads\/2021\/10\/242845741_260271089438650_3133811135562094487_n-1-300x450.jpg\" data-large-file=\"https:\/\/www.transpher.net\/site\/wp-content\/uploads\/2021\/10\/242845741_260271089438650_3133811135562094487_n-1-600x900.jpg\" src=\"https:\/\/www.transpher.net\/site\/wp-content\/uploads\/2021\/10\/242845741_260271089438650_3133811135562094487_n-1.jpg\" width=\"284\" height=\"426\" align=\"left\" title=\"242845741_260271089438650_3133811135562094487_n-1\" \/><\/a><\/div><\/div><div class=\"gallery-group images-1\" style=\"width: 288px; height: 430px;\"><div class=\"tiled-gallery-item tiled-gallery-item-full\"><a href=\"https:\/\/www.transpher.net\/site\/medias-rock-celtique\/jeremy-broyard-rock-celtique\/transpher-melun-19_03_22-ab017\/\"><img loading=\"lazy\" decoding=\"async\" data-attachment-id=\"3577\" data-orig-file=\"https:\/\/www.transpher.net\/site\/wp-content\/uploads\/2023\/04\/transpher-melun-19_03_22-ab017-scaled.jpg\" data-orig-size=\"1707,2560\" data-comments-opened=\"0\" data-image-meta=\"{&quot;aperture&quot;:&quot;2.8&quot;,&quot;credit&quot;:&quot;&quot;,&quot;camera&quot;:&quot;Canon EOS 5D Mark III&quot;,&quot;caption&quot;:&quot;&quot;,&quot;created_timestamp&quot;:&quot;1647726887&quot;,&quot;copyright&quot;:&quot;&quot;,&quot;focal_length&quot;:&quot;200&quot;,&quot;iso&quot;:&quot;3200&quot;,&quot;shutter_speed&quot;:&quot;0.00625&quot;,&quot;title&quot;:&quot;&quot;,&quot;orientation&quot;:&quot;1&quot;}\" data-image-title=\"transpher melun 19_03_22 ab017\" data-image-description=\"\" data-medium-file=\"https:\/\/www.transpher.net\/site\/wp-content\/uploads\/2023\/04\/transpher-melun-19_03_22-ab017-200x300.jpg\" data-large-file=\"https:\/\/www.transpher.net\/site\/wp-content\/uploads\/2023\/04\/transpher-melun-19_03_22-ab017-683x1024.jpg\" src=\"https:\/\/www.transpher.net\/site\/wp-content\/uploads\/2023\/04\/transpher-melun-19_03_22-ab017-scaled.jpg\" width=\"284\" height=\"426\" align=\"left\" title=\"transpher melun 19_03_22 ab017\" \/><\/a><\/div><\/div><div class=\"gallery-group images-1\" style=\"width: 339px; height: 430px;\"><div class=\"tiled-gallery-item tiled-gallery-item-full\"><a href=\"https:\/\/www.transpher.net\/site\/rock-celtique-prochain-festival-en-bretagne-le-30-juillet\/img_7111\/\"><img loading=\"lazy\" decoding=\"async\" data-attachment-id=\"3161\" data-orig-file=\"https:\/\/www.transpher.net\/site\/wp-content\/uploads\/2022\/08\/IMG_7111-scaled.jpg\" data-orig-size=\"2015,2560\" data-comments-opened=\"0\" data-image-meta=\"{&quot;aperture&quot;:&quot;4&quot;,&quot;credit&quot;:&quot;VANNOOTE DOMINIQUE&quot;,&quot;camera&quot;:&quot;Canon EOS 760D&quot;,&quot;caption&quot;:&quot;&quot;,&quot;created_timestamp&quot;:&quot;1659217309&quot;,&quot;copyright&quot;:&quot;Dominique Vannoote&quot;,&quot;focal_length&quot;:&quot;70&quot;,&quot;iso&quot;:&quot;6400&quot;,&quot;shutter_speed&quot;:&quot;0.002&quot;,&quot;title&quot;:&quot;&quot;,&quot;orientation&quot;:&quot;1&quot;}\" data-image-title=\"IMG_7111\" data-image-description=\"\" data-medium-file=\"https:\/\/www.transpher.net\/site\/wp-content\/uploads\/2022\/08\/IMG_7111-300x381.jpg\" data-large-file=\"https:\/\/www.transpher.net\/site\/wp-content\/uploads\/2022\/08\/IMG_7111-600x762.jpg\" src=\"https:\/\/www.transpher.net\/site\/wp-content\/uploads\/2022\/08\/IMG_7111-scaled.jpg\" width=\"335\" height=\"426\" align=\"left\" title=\"IMG_7111\" \/><\/a><\/div><\/div><\/div><\/div>\n","protected":false},"excerpt":{"rendered":"","protected":false},"author":2,"featured_media":0,"parent":9,"menu_order":0,"comment_status":"closed","ping_status":"closed","template":"","meta":{"ngg_post_thumbnail":0,"footnotes":""},"class_list":["post-2894","page","type-page","status-publish","hentry"],"yoast_head":"<!-- This site is optimized with the Yoast SEO plugin v27.5 - https:\/\/yoast.com\/product\/yoast-seo-wordpress\/ -->\n<title>J\u00e9r\u00e9my - rock celtique<\/title>\n<meta name=\"description\" content=\"Transpher, du rock celtique, festif et \u00e9nergique! A retrouver en live dans des festivals ! Celtic Rock J\u00e9r\u00e9my\" \/>\n<meta name=\"robots\" content=\"index, follow, max-snippet:-1, max-image-preview:large, max-video-preview:-1\" \/>\n<link rel=\"canonical\" href=\"https:\/\/www.transpher.net\/site\/medias-rock-celtique\/jeremy-broyard-rock-celtique\/\" \/>\n<meta property=\"og:locale\" content=\"fr_FR\" \/>\n<meta property=\"og:type\" content=\"article\" \/>\n<meta property=\"og:title\" content=\"J\u00e9r\u00e9my - rock celtique\" \/>\n<meta property=\"og:description\" content=\"Transpher, du rock celtique, festif et \u00e9nergique! A retrouver en live dans des festivals ! Celtic Rock J\u00e9r\u00e9my\" \/>\n<meta property=\"og:url\" content=\"https:\/\/www.transpher.net\/site\/medias-rock-celtique\/jeremy-broyard-rock-celtique\/\" \/>\n<meta property=\"article:publisher\" content=\"https:\/\/www.facebook.com\/TRANSPHERrockceltique\" \/>\n<meta property=\"article:modified_time\" content=\"2025-08-19T20:00:50+00:00\" \/>\n<meta property=\"og:image\" content=\"https:\/\/www.transpher.net\/site\/wp-content\/uploads\/2022\/03\/transpher-melun-19_03_22-ab025-scaled.jpg\" \/>\n<meta name=\"twitter:card\" content=\"summary_large_image\" \/>\n<meta name=\"twitter:label1\" content=\"Dur\u00e9e de lecture estim\u00e9e\" \/>\n\t<meta name=\"twitter:data1\" content=\"1 minute\" \/>\n<script type=\"application\/ld+json\" class=\"yoast-schema-graph\">{\"@context\":\"https:\\\/\\\/schema.org\",\"@graph\":[{\"@type\":\"WebPage\",\"@id\":\"https:\\\/\\\/www.transpher.net\\\/site\\\/medias-rock-celtique\\\/jeremy-broyard-rock-celtique\\\/\",\"url\":\"https:\\\/\\\/www.transpher.net\\\/site\\\/medias-rock-celtique\\\/jeremy-broyard-rock-celtique\\\/\",\"name\":\"J\u00e9r\u00e9my - rock celtique\",\"isPartOf\":{\"@id\":\"https:\\\/\\\/www.transpher.net\\\/site\\\/#website\"},\"datePublished\":\"2022-01-10T23:05:41+00:00\",\"dateModified\":\"2025-08-19T20:00:50+00:00\",\"description\":\"Transpher, du rock celtique, festif et \u00e9nergique! A retrouver en live dans des festivals ! Celtic Rock J\u00e9r\u00e9my\",\"breadcrumb\":{\"@id\":\"https:\\\/\\\/www.transpher.net\\\/site\\\/medias-rock-celtique\\\/jeremy-broyard-rock-celtique\\\/#breadcrumb\"},\"inLanguage\":\"fr-FR\",\"potentialAction\":[{\"@type\":\"ReadAction\",\"target\":[\"https:\\\/\\\/www.transpher.net\\\/site\\\/medias-rock-celtique\\\/jeremy-broyard-rock-celtique\\\/\"]}]},{\"@type\":\"BreadcrumbList\",\"@id\":\"https:\\\/\\\/www.transpher.net\\\/site\\\/medias-rock-celtique\\\/jeremy-broyard-rock-celtique\\\/#breadcrumb\",\"itemListElement\":[{\"@type\":\"ListItem\",\"position\":1,\"name\":\"Accueil\",\"item\":\"https:\\\/\\\/www.transpher.net\\\/site\\\/\"},{\"@type\":\"ListItem\",\"position\":2,\"name\":\"Medias\",\"item\":\"https:\\\/\\\/www.transpher.net\\\/site\\\/medias-rock-celtique\\\/\"},{\"@type\":\"ListItem\",\"position\":3,\"name\":\"J\u00e9r\u00e9my\"}]},{\"@type\":\"WebSite\",\"@id\":\"https:\\\/\\\/www.transpher.net\\\/site\\\/#website\",\"url\":\"https:\\\/\\\/www.transpher.net\\\/site\\\/\",\"name\":\"\",\"description\":\"\",\"publisher\":{\"@id\":\"https:\\\/\\\/www.transpher.net\\\/site\\\/#organization\"},\"potentialAction\":[{\"@type\":\"SearchAction\",\"target\":{\"@type\":\"EntryPoint\",\"urlTemplate\":\"https:\\\/\\\/www.transpher.net\\\/site\\\/?s={search_term_string}\"},\"query-input\":{\"@type\":\"PropertyValueSpecification\",\"valueRequired\":true,\"valueName\":\"search_term_string\"}}],\"inLanguage\":\"fr-FR\"},{\"@type\":\"Organization\",\"@id\":\"https:\\\/\\\/www.transpher.net\\\/site\\\/#organization\",\"name\":\"TRANSPHER Rock Celtique\",\"url\":\"https:\\\/\\\/www.transpher.net\\\/site\\\/\",\"logo\":{\"@type\":\"ImageObject\",\"inLanguage\":\"fr-FR\",\"@id\":\"https:\\\/\\\/www.transpher.net\\\/site\\\/#\\\/schema\\\/logo\\\/image\\\/\",\"url\":\"https:\\\/\\\/www.transpher.net\\\/site\\\/wp-content\\\/uploads\\\/2021\\\/04\\\/hd2-scaled.jpg\",\"contentUrl\":\"https:\\\/\\\/www.transpher.net\\\/site\\\/wp-content\\\/uploads\\\/2021\\\/04\\\/hd2-scaled.jpg\",\"width\":2560,\"height\":1529,\"caption\":\"TRANSPHER Rock Celtique\"},\"image\":{\"@id\":\"https:\\\/\\\/www.transpher.net\\\/site\\\/#\\\/schema\\\/logo\\\/image\\\/\"},\"sameAs\":[\"https:\\\/\\\/www.facebook.com\\\/TRANSPHERrockceltique\",\"https:\\\/\\\/www.instagram.com\\\/transphermusic\\\/\"]}]}<\/script>\n<!-- \/ Yoast SEO plugin. -->","yoast_head_json":{"title":"J\u00e9r\u00e9my - rock celtique","description":"Transpher, du rock celtique, festif et \u00e9nergique! A retrouver en live dans des festivals ! Celtic Rock J\u00e9r\u00e9my","robots":{"index":"index","follow":"follow","max-snippet":"max-snippet:-1","max-image-preview":"max-image-preview:large","max-video-preview":"max-video-preview:-1"},"canonical":"https:\/\/www.transpher.net\/site\/medias-rock-celtique\/jeremy-broyard-rock-celtique\/","og_locale":"fr_FR","og_type":"article","og_title":"J\u00e9r\u00e9my - rock celtique","og_description":"Transpher, du rock celtique, festif et \u00e9nergique! A retrouver en live dans des festivals ! Celtic Rock J\u00e9r\u00e9my","og_url":"https:\/\/www.transpher.net\/site\/medias-rock-celtique\/jeremy-broyard-rock-celtique\/","article_publisher":"https:\/\/www.facebook.com\/TRANSPHERrockceltique","article_modified_time":"2025-08-19T20:00:50+00:00","og_image":[{"url":"https:\/\/www.transpher.net\/site\/wp-content\/uploads\/2022\/03\/transpher-melun-19_03_22-ab025-scaled.jpg","type":"","width":"","height":""}],"twitter_card":"summary_large_image","twitter_misc":{"Dur\u00e9e de lecture estim\u00e9e":"1 minute"},"schema":{"@context":"https:\/\/schema.org","@graph":[{"@type":"WebPage","@id":"https:\/\/www.transpher.net\/site\/medias-rock-celtique\/jeremy-broyard-rock-celtique\/","url":"https:\/\/www.transpher.net\/site\/medias-rock-celtique\/jeremy-broyard-rock-celtique\/","name":"J\u00e9r\u00e9my - rock celtique","isPartOf":{"@id":"https:\/\/www.transpher.net\/site\/#website"},"datePublished":"2022-01-10T23:05:41+00:00","dateModified":"2025-08-19T20:00:50+00:00","description":"Transpher, du rock celtique, festif et \u00e9nergique! A retrouver en live dans des festivals ! Celtic Rock J\u00e9r\u00e9my","breadcrumb":{"@id":"https:\/\/www.transpher.net\/site\/medias-rock-celtique\/jeremy-broyard-rock-celtique\/#breadcrumb"},"inLanguage":"fr-FR","potentialAction":[{"@type":"ReadAction","target":["https:\/\/www.transpher.net\/site\/medias-rock-celtique\/jeremy-broyard-rock-celtique\/"]}]},{"@type":"BreadcrumbList","@id":"https:\/\/www.transpher.net\/site\/medias-rock-celtique\/jeremy-broyard-rock-celtique\/#breadcrumb","itemListElement":[{"@type":"ListItem","position":1,"name":"Accueil","item":"https:\/\/www.transpher.net\/site\/"},{"@type":"ListItem","position":2,"name":"Medias","item":"https:\/\/www.transpher.net\/site\/medias-rock-celtique\/"},{"@type":"ListItem","position":3,"name":"J\u00e9r\u00e9my"}]},{"@type":"WebSite","@id":"https:\/\/www.transpher.net\/site\/#website","url":"https:\/\/www.transpher.net\/site\/","name":"","description":"","publisher":{"@id":"https:\/\/www.transpher.net\/site\/#organization"},"potentialAction":[{"@type":"SearchAction","target":{"@type":"EntryPoint","urlTemplate":"https:\/\/www.transpher.net\/site\/?s={search_term_string}"},"query-input":{"@type":"PropertyValueSpecification","valueRequired":true,"valueName":"search_term_string"}}],"inLanguage":"fr-FR"},{"@type":"Organization","@id":"https:\/\/www.transpher.net\/site\/#organization","name":"TRANSPHER Rock Celtique","url":"https:\/\/www.transpher.net\/site\/","logo":{"@type":"ImageObject","inLanguage":"fr-FR","@id":"https:\/\/www.transpher.net\/site\/#\/schema\/logo\/image\/","url":"https:\/\/www.transpher.net\/site\/wp-content\/uploads\/2021\/04\/hd2-scaled.jpg","contentUrl":"https:\/\/www.transpher.net\/site\/wp-content\/uploads\/2021\/04\/hd2-scaled.jpg","width":2560,"height":1529,"caption":"TRANSPHER Rock Celtique"},"image":{"@id":"https:\/\/www.transpher.net\/site\/#\/schema\/logo\/image\/"},"sameAs":["https:\/\/www.facebook.com\/TRANSPHERrockceltique","https:\/\/www.instagram.com\/transphermusic\/"]}]}},"_links":{"self":[{"href":"https:\/\/www.transpher.net\/site\/wp-json\/wp\/v2\/pages\/2894","targetHints":{"allow":["GET"]}}],"collection":[{"href":"https:\/\/www.transpher.net\/site\/wp-json\/wp\/v2\/pages"}],"about":[{"href":"https:\/\/www.transpher.net\/site\/wp-json\/wp\/v2\/types\/page"}],"author":[{"embeddable":true,"href":"https:\/\/www.transpher.net\/site\/wp-json\/wp\/v2\/users\/2"}],"replies":[{"embeddable":true,"href":"https:\/\/www.transpher.net\/site\/wp-json\/wp\/v2\/comments?post=2894"}],"version-history":[{"count":0,"href":"https:\/\/www.transpher.net\/site\/wp-json\/wp\/v2\/pages\/2894\/revisions"}],"up":[{"embeddable":true,"href":"https:\/\/www.transpher.net\/site\/wp-json\/wp\/v2\/pages\/9"}],"wp:attachment":[{"href":"https:\/\/www.transpher.net\/site\/wp-json\/wp\/v2\/media?parent=2894"}],"curies":[{"name":"wp","href":"https:\/\/api.w.org\/{rel}","templated":true}]}}