{"id":9,"date":"2013-01-03T14:24:51","date_gmt":"2013-01-03T13:24:51","guid":{"rendered":"http:\/\/transpher.net\/site\/?page_id=9"},"modified":"2026-03-12T14:29:54","modified_gmt":"2026-03-12T13:29:54","slug":"medias-rock-celtique","status":"publish","type":"page","link":"https:\/\/www.transpher.net\/site\/medias-rock-celtique\/","title":{"rendered":"Medias"},"content":{"rendered":"\n<div class=\"wp-block-columns is-layout-flex wp-container-core-columns-is-layout-9d6595d7 wp-block-columns-is-layout-flex\">\n<div class=\"wp-block-column is-layout-flow wp-block-column-is-layout-flow\" style=\"flex-basis:100%\">\n<div id=\"store\" style=\"width: 100%; margin: 10px;\">\n<div class=\"formstore\">Retrouvez ici toutes nos <a href=\"#videos\">Vid\u00e9os<\/a>&nbsp;ainsi que nos&nbsp;<a href=\"#photos\">Photos<\/a><\/div>\n<h2><span class=\"storetitre\"><strong>Vid\u00e9os<\/strong><\/span><\/h2>\n<h3>Teaser Transpher Live : le son rock et celtique original<\/h3>\n<\/div>\n<div id=\"store\" style=\"width: 100%; margin: 10px;\">\n<p><iframe loading=\"lazy\" title=\"TRANSPHER ROCK CELTIQUE LIVE\" width=\"920\" height=\"518\" src=\"https:\/\/www.youtube.com\/embed\/BEK2IKmgS_Y?feature=oembed\" frameborder=\"0\" allow=\"accelerometer; autoplay; clipboard-write; encrypted-media; gyroscope; picture-in-picture; web-share\" referrerpolicy=\"strict-origin-when-cross-origin\" allowfullscreen><\/iframe><\/p>\n<h3><strong><span style=\"color: #ffffff;\">Vid\u00e9o clip \u00ab\u00a0Une nuit dans le G\u00e9vaudan\u00a0\u00bb : 16 minutes de Transpher Live !!&nbsp;<\/span><\/strong><\/h3>\n<p><iframe loading=\"lazy\" title=\"Une NUIT dans le G\u00c9VAUDAN - 16 minutes LIVE avec TRANSPHER rock celtique\" width=\"920\" height=\"518\" src=\"https:\/\/www.youtube.com\/embed\/SXanTYnX-Qs?feature=oembed\" frameborder=\"0\" allow=\"accelerometer; autoplay; clipboard-write; encrypted-media; gyroscope; picture-in-picture; web-share\" referrerpolicy=\"strict-origin-when-cross-origin\" allowfullscreen><\/iframe><\/p>\n<h3><strong><span style=\"color: #ffffff;\">Vid\u00e9o clip \u00ab\u00a0Les filles de St Malo\u00a0\u00bb<\/span><\/strong><\/h3>\n<p><iframe loading=\"lazy\" title=\"Les FILLES de SAINT-MALO - TRANSPHER rock celtique\" width=\"920\" height=\"518\" src=\"https:\/\/www.youtube.com\/embed\/qAiv8wr3Aww?feature=oembed\" frameborder=\"0\" allow=\"accelerometer; autoplay; clipboard-write; encrypted-media; gyroscope; picture-in-picture; web-share\" referrerpolicy=\"strict-origin-when-cross-origin\" allowfullscreen><\/iframe><\/p>\n<h3><strong><span style=\"color: #ffffff;\">Extrait 100% LIVE 2022: Musique Traditionnelle \u00ab\u00a0Toss the feathers\u00a0\u00bb<\/span><\/strong><\/h3>\n<p><iframe loading=\"lazy\" title=\"Toss the Feathers (Live) - TRANSPHER (rock celtique)\" width=\"920\" height=\"518\" src=\"https:\/\/www.youtube.com\/embed\/Gv3hW1yw9So?feature=oembed\" frameborder=\"0\" allow=\"accelerometer; autoplay; clipboard-write; encrypted-media; gyroscope; picture-in-picture; web-share\" referrerpolicy=\"strict-origin-when-cross-origin\" allowfullscreen><\/iframe><\/p>\n<h3><strong><span style=\"color: #ffffff;\">Vid\u00e9o clip \u00ab\u00a0Black Sam\u00a0\u00bb &#8211; un clip Interconfinemental<\/span><\/strong><\/h3>\n<p>La fabuleuse histoire de Samuel Bellamy, le Prince des pirates, surnomm\u00e9 Black Sam.<\/p>\n<p><iframe loading=\"lazy\" title=\"BLACK SAM - 1er Vid\u00e9o Clip Interconfinemental - TRANSPHER\" width=\"920\" height=\"518\" src=\"https:\/\/www.youtube.com\/embed\/JPdQ3KX-zR8?feature=oembed\" frameborder=\"0\" allow=\"accelerometer; autoplay; clipboard-write; encrypted-media; gyroscope; picture-in-picture; web-share\" referrerpolicy=\"strict-origin-when-cross-origin\" allowfullscreen><\/iframe><\/p>\n<h3><strong><span style=\"color: #ffffff;\">Vid\u00e9o clip \u00ab\u00a0Cardiff\u00a0\u00bb (Rugby, pays de Galles et rock celtique)<\/span><\/strong><\/h3>\n<p>Un clip partag\u00e9 plus de 2500 fois sur Facebook notamment en Argentine et Uruguay.<\/p>\n<p><iframe loading=\"lazy\" style=\"border: none; overflow: hidden;\" src=\"https:\/\/www.facebook.com\/plugins\/video.php?height=314&amp;href=https%3A%2F%2Fwww.facebook.com%2FTRANSPHERrockceltique%2Fvideos%2F452597651930062%2F&amp;show_text=false&amp;width=560&amp;t=0\" width=\"560\" height=\"314\" frameborder=\"0\" scrolling=\"no\" allowfullscreen=\"allowfullscreen\"><\/iframe><\/p>\n<p>https:\/\/youtu.be\/7k02K0aB3-c?si=mCTz61Cf8-jZfOCJ<\/p>\n<h3><strong><span style=\"color: #ffffff;\">Vid\u00e9o clip \u00ab\u00a0In the night\u00a0\u00bb<\/span><\/strong><\/h3>\n<p><iframe loading=\"lazy\" title=\"TRANSPHER - In The Night (rock celtique)\" width=\"920\" height=\"518\" src=\"https:\/\/www.youtube.com\/embed\/TLyiJkAvzEo?feature=oembed\" frameborder=\"0\" allow=\"accelerometer; autoplay; clipboard-write; encrypted-media; gyroscope; picture-in-picture; web-share\" referrerpolicy=\"strict-origin-when-cross-origin\" allowfullscreen><\/iframe><\/p>\n<p><strong style=\"color: #ffffff; font-size: 2rem;\">Photos<\/strong><\/p>\n<\/div>\n<p><!--more--><\/p>\n<div id=\"store\" style=\"width: 100%; margin: 10px;\">\n<p><a name=\"photos\"><\/a><\/p>\n<\/div>\n<p>&nbsp;<\/p>\nngg_shortcode_0_placeholder\n<div style=\"width: 117px; float: left; margin: 10px;\">&nbsp;<\/div>\n<div style=\"width: 117px; float: left; margin: 10px;\">&nbsp;<\/div>\n<\/div>\n<\/div>\n","protected":false},"excerpt":{"rendered":"<p>Retrouvez ici toutes nos Vid\u00e9os&nbsp;ainsi que nos&nbsp;Photos Vid\u00e9os Teaser Transpher Live : le son rock et celtique original Vid\u00e9o clip \u00ab\u00a0Une nuit dans le G\u00e9vaudan\u00a0\u00bb : 16 minutes de Transpher<\/p>\n<p class=\"more-link\"><a href=\"https:\/\/www.transpher.net\/site\/medias-rock-celtique\/\" class=\"readmore\">Continuer la lecture<span class=\"screen-reader-text\">Medias<\/span><\/a><\/p>\n","protected":false},"author":1,"featured_media":0,"parent":0,"menu_order":0,"comment_status":"closed","ping_status":"closed","template":"","meta":{"ngg_post_thumbnail":0,"footnotes":""},"class_list":["post-9","page","type-page","status-publish","hentry"],"yoast_head":"<!-- This site is optimized with the Yoast SEO plugin v27.4 - https:\/\/yoast.com\/product\/yoast-seo-wordpress\/ -->\n<title>Medias - rock celtique<\/title>\n<meta name=\"description\" content=\"Transpher, du rock celtique, festif et \u00e9nergique! A retrouver en live dans des festivals ! Celtic Rock Medias\" \/>\n<meta name=\"robots\" content=\"index, follow, max-snippet:-1, max-image-preview:large, max-video-preview:-1\" \/>\n<link rel=\"canonical\" href=\"https:\/\/www.transpher.net\/site\/medias-rock-celtique\/\" \/>\n<meta property=\"og:locale\" content=\"fr_FR\" \/>\n<meta property=\"og:type\" content=\"article\" \/>\n<meta property=\"og:title\" content=\"Medias - rock celtique\" \/>\n<meta property=\"og:description\" content=\"Transpher, du rock celtique, festif et \u00e9nergique! A retrouver en live dans des festivals ! Celtic Rock Medias\" \/>\n<meta property=\"og:url\" content=\"https:\/\/www.transpher.net\/site\/medias-rock-celtique\/\" \/>\n<meta property=\"article:publisher\" content=\"https:\/\/www.facebook.com\/TRANSPHERrockceltique\" \/>\n<meta property=\"article:modified_time\" content=\"2026-03-12T13:29:54+00:00\" \/>\n<meta name=\"twitter:card\" content=\"summary_large_image\" \/>\n<meta name=\"twitter:label1\" content=\"Dur\u00e9e de lecture estim\u00e9e\" \/>\n\t<meta name=\"twitter:data1\" content=\"1 minute\" \/>\n<script type=\"application\/ld+json\" class=\"yoast-schema-graph\">{\"@context\":\"https:\\\/\\\/schema.org\",\"@graph\":[{\"@type\":\"WebPage\",\"@id\":\"https:\\\/\\\/www.transpher.net\\\/site\\\/medias-rock-celtique\\\/\",\"url\":\"https:\\\/\\\/www.transpher.net\\\/site\\\/medias-rock-celtique\\\/\",\"name\":\"Medias - rock celtique\",\"isPartOf\":{\"@id\":\"https:\\\/\\\/www.transpher.net\\\/site\\\/#website\"},\"datePublished\":\"2013-01-03T13:24:51+00:00\",\"dateModified\":\"2026-03-12T13:29:54+00:00\",\"description\":\"Transpher, du rock celtique, festif et \u00e9nergique! A retrouver en live dans des festivals ! Celtic Rock Medias\",\"breadcrumb\":{\"@id\":\"https:\\\/\\\/www.transpher.net\\\/site\\\/medias-rock-celtique\\\/#breadcrumb\"},\"inLanguage\":\"fr-FR\",\"potentialAction\":[{\"@type\":\"ReadAction\",\"target\":[\"https:\\\/\\\/www.transpher.net\\\/site\\\/medias-rock-celtique\\\/\"]}]},{\"@type\":\"BreadcrumbList\",\"@id\":\"https:\\\/\\\/www.transpher.net\\\/site\\\/medias-rock-celtique\\\/#breadcrumb\",\"itemListElement\":[{\"@type\":\"ListItem\",\"position\":1,\"name\":\"Accueil\",\"item\":\"https:\\\/\\\/www.transpher.net\\\/site\\\/\"},{\"@type\":\"ListItem\",\"position\":2,\"name\":\"Medias\"}]},{\"@type\":\"WebSite\",\"@id\":\"https:\\\/\\\/www.transpher.net\\\/site\\\/#website\",\"url\":\"https:\\\/\\\/www.transpher.net\\\/site\\\/\",\"name\":\"\",\"description\":\"\",\"publisher\":{\"@id\":\"https:\\\/\\\/www.transpher.net\\\/site\\\/#organization\"},\"potentialAction\":[{\"@type\":\"SearchAction\",\"target\":{\"@type\":\"EntryPoint\",\"urlTemplate\":\"https:\\\/\\\/www.transpher.net\\\/site\\\/?s={search_term_string}\"},\"query-input\":{\"@type\":\"PropertyValueSpecification\",\"valueRequired\":true,\"valueName\":\"search_term_string\"}}],\"inLanguage\":\"fr-FR\"},{\"@type\":\"Organization\",\"@id\":\"https:\\\/\\\/www.transpher.net\\\/site\\\/#organization\",\"name\":\"TRANSPHER Rock Celtique\",\"url\":\"https:\\\/\\\/www.transpher.net\\\/site\\\/\",\"logo\":{\"@type\":\"ImageObject\",\"inLanguage\":\"fr-FR\",\"@id\":\"https:\\\/\\\/www.transpher.net\\\/site\\\/#\\\/schema\\\/logo\\\/image\\\/\",\"url\":\"https:\\\/\\\/www.transpher.net\\\/site\\\/wp-content\\\/uploads\\\/2021\\\/04\\\/hd2-scaled.jpg\",\"contentUrl\":\"https:\\\/\\\/www.transpher.net\\\/site\\\/wp-content\\\/uploads\\\/2021\\\/04\\\/hd2-scaled.jpg\",\"width\":2560,\"height\":1529,\"caption\":\"TRANSPHER Rock Celtique\"},\"image\":{\"@id\":\"https:\\\/\\\/www.transpher.net\\\/site\\\/#\\\/schema\\\/logo\\\/image\\\/\"},\"sameAs\":[\"https:\\\/\\\/www.facebook.com\\\/TRANSPHERrockceltique\",\"https:\\\/\\\/www.instagram.com\\\/transphermusic\\\/\"]}]}<\/script>\n<!-- \/ Yoast SEO plugin. -->","yoast_head_json":{"title":"Medias - rock celtique","description":"Transpher, du rock celtique, festif et \u00e9nergique! A retrouver en live dans des festivals ! Celtic Rock Medias","robots":{"index":"index","follow":"follow","max-snippet":"max-snippet:-1","max-image-preview":"max-image-preview:large","max-video-preview":"max-video-preview:-1"},"canonical":"https:\/\/www.transpher.net\/site\/medias-rock-celtique\/","og_locale":"fr_FR","og_type":"article","og_title":"Medias - rock celtique","og_description":"Transpher, du rock celtique, festif et \u00e9nergique! A retrouver en live dans des festivals ! Celtic Rock Medias","og_url":"https:\/\/www.transpher.net\/site\/medias-rock-celtique\/","article_publisher":"https:\/\/www.facebook.com\/TRANSPHERrockceltique","article_modified_time":"2026-03-12T13:29:54+00:00","twitter_card":"summary_large_image","twitter_misc":{"Dur\u00e9e de lecture estim\u00e9e":"1 minute"},"schema":{"@context":"https:\/\/schema.org","@graph":[{"@type":"WebPage","@id":"https:\/\/www.transpher.net\/site\/medias-rock-celtique\/","url":"https:\/\/www.transpher.net\/site\/medias-rock-celtique\/","name":"Medias - rock celtique","isPartOf":{"@id":"https:\/\/www.transpher.net\/site\/#website"},"datePublished":"2013-01-03T13:24:51+00:00","dateModified":"2026-03-12T13:29:54+00:00","description":"Transpher, du rock celtique, festif et \u00e9nergique! A retrouver en live dans des festivals ! Celtic Rock Medias","breadcrumb":{"@id":"https:\/\/www.transpher.net\/site\/medias-rock-celtique\/#breadcrumb"},"inLanguage":"fr-FR","potentialAction":[{"@type":"ReadAction","target":["https:\/\/www.transpher.net\/site\/medias-rock-celtique\/"]}]},{"@type":"BreadcrumbList","@id":"https:\/\/www.transpher.net\/site\/medias-rock-celtique\/#breadcrumb","itemListElement":[{"@type":"ListItem","position":1,"name":"Accueil","item":"https:\/\/www.transpher.net\/site\/"},{"@type":"ListItem","position":2,"name":"Medias"}]},{"@type":"WebSite","@id":"https:\/\/www.transpher.net\/site\/#website","url":"https:\/\/www.transpher.net\/site\/","name":"","description":"","publisher":{"@id":"https:\/\/www.transpher.net\/site\/#organization"},"potentialAction":[{"@type":"SearchAction","target":{"@type":"EntryPoint","urlTemplate":"https:\/\/www.transpher.net\/site\/?s={search_term_string}"},"query-input":{"@type":"PropertyValueSpecification","valueRequired":true,"valueName":"search_term_string"}}],"inLanguage":"fr-FR"},{"@type":"Organization","@id":"https:\/\/www.transpher.net\/site\/#organization","name":"TRANSPHER Rock Celtique","url":"https:\/\/www.transpher.net\/site\/","logo":{"@type":"ImageObject","inLanguage":"fr-FR","@id":"https:\/\/www.transpher.net\/site\/#\/schema\/logo\/image\/","url":"https:\/\/www.transpher.net\/site\/wp-content\/uploads\/2021\/04\/hd2-scaled.jpg","contentUrl":"https:\/\/www.transpher.net\/site\/wp-content\/uploads\/2021\/04\/hd2-scaled.jpg","width":2560,"height":1529,"caption":"TRANSPHER Rock Celtique"},"image":{"@id":"https:\/\/www.transpher.net\/site\/#\/schema\/logo\/image\/"},"sameAs":["https:\/\/www.facebook.com\/TRANSPHERrockceltique","https:\/\/www.instagram.com\/transphermusic\/"]}]}},"_links":{"self":[{"href":"https:\/\/www.transpher.net\/site\/wp-json\/wp\/v2\/pages\/9","targetHints":{"allow":["GET"]}}],"collection":[{"href":"https:\/\/www.transpher.net\/site\/wp-json\/wp\/v2\/pages"}],"about":[{"href":"https:\/\/www.transpher.net\/site\/wp-json\/wp\/v2\/types\/page"}],"author":[{"embeddable":true,"href":"https:\/\/www.transpher.net\/site\/wp-json\/wp\/v2\/users\/1"}],"replies":[{"embeddable":true,"href":"https:\/\/www.transpher.net\/site\/wp-json\/wp\/v2\/comments?post=9"}],"version-history":[{"count":0,"href":"https:\/\/www.transpher.net\/site\/wp-json\/wp\/v2\/pages\/9\/revisions"}],"wp:attachment":[{"href":"https:\/\/www.transpher.net\/site\/wp-json\/wp\/v2\/media?parent=9"}],"curies":[{"name":"wp","href":"https:\/\/api.w.org\/{rel}","templated":true}]}}